{"id":104,"date":"2026-01-26T21:36:29","date_gmt":"2026-01-26T21:36:29","guid":{"rendered":"https:\/\/airdjpro.fr\/faq\/"},"modified":"2026-01-28T17:13:57","modified_gmt":"2026-01-28T17:13:57","slug":"faq","status":"publish","type":"page","link":"https:\/\/airdjpro.fr\/en\/faq\/","title":{"rendered":"FAQs"},"content":{"rendered":"<div class=\"wp-block-group alignfull is-style-ext-preset--group--natural-1--section has-background-background-color has-background has-global-padding is-layout-constrained wp-container-core-group-is-layout-887f7143 wp-block-group-is-layout-constrained\" id=\"faq\" style=\"margin-top:0;margin-bottom:0;padding-top:var(--wp--preset--spacing--30);padding-bottom:var(--wp--preset--spacing--30)\">\n<div class=\"wp-block-group alignwide is-vertical is-content-justification-left is-layout-flex wp-container-core-group-is-layout-214d3d4d wp-block-group-is-layout-flex\">\n<div class=\"wp-block-group has-global-padding is-layout-constrained wp-container-core-group-is-layout-2287c683 wp-block-group-is-layout-constrained\">\n<h2 class=\"wp-block-heading has-text-align-left\">Express your style, control the music<\/h2>\n\n\n\n<p class=\"has-text-align-left\">Find the answers to your questions here to fully enjoy Air DJ Pro.<\/p>\n<\/div>\n<\/div>\n\n\n\n<div class=\"wp-block-group alignwide has-global-padding is-content-justification-left is-layout-constrained wp-container-core-group-is-layout-a12edb53 wp-block-group-is-layout-constrained\">\n<div class=\"wp-block-group is-style-ext-preset--group--natural-1--item-card-1--align-start is-layout-flow wp-block-group-is-layout-flow is-style-ext-preset--group--natural-1--item-card-1--align-start--2\">\n<div class=\"wp-block-group is-style-default is-layout-flow wp-block-group-is-layout-flow\">\n<h3 class=\"wp-block-heading has-text-align-left\">How does voting work via Air DJ Pro?<\/h3>\n\n\n\n<p class=\"has-text-align-left\">Scan the QR code, choose your favorite tracks and influence the playlist in real time.<\/p>\n<\/div>\n<\/div>\n\n\n\n<div class=\"wp-block-group is-style-ext-preset--group--natural-1--item-card-1--align-start is-layout-flow wp-block-group-is-layout-flow is-style-ext-preset--group--natural-1--item-card-1--align-start--3\">\n<div class=\"wp-block-group is-style-default is-layout-flow wp-block-group-is-layout-flow\">\n<h3 class=\"wp-block-heading has-text-align-left\">Is the voting system easy to use?<\/h3>\n\n\n\n<p class=\"has-text-align-left\">Yes, all you need is a smartphone and internet access to vote easily.<\/p>\n<\/div>\n<\/div>\n\n\n\n<div class=\"wp-block-group is-style-ext-preset--group--natural-1--item-card-1--align-start is-layout-flow wp-block-group-is-layout-flow is-style-ext-preset--group--natural-1--item-card-1--align-start--4\">\n<div class=\"wp-block-group is-style-default is-layout-flow wp-block-group-is-layout-flow\">\n<h3 class=\"wp-block-heading has-text-align-left\">Which establishments can use Air DJ Pro?<\/h3>\n\n\n\n<p class=\"has-text-align-left\">Bars, restaurants, clubs and events can integrate our platform to engage their audience.<\/p>\n<\/div>\n<\/div>\n\n\n\n<div class=\"wp-block-group is-style-ext-preset--group--natural-1--item-card-1--align-start is-layout-flow wp-block-group-is-layout-flow is-style-ext-preset--group--natural-1--item-card-1--align-start--5\">\n<div class=\"wp-block-group is-style-default is-layout-flow wp-block-group-is-layout-flow\">\n<h3 class=\"wp-block-heading has-text-align-left\">How much will it cost me?<\/h3>\n\n\n\n<p class=\"has-text-align-left\">We offer a monthly rate tailored to the size of the establishment, allowing them access to our entire music catalogue.<\/p>\n<\/div>\n<\/div>\n\n\n\n<div class=\"wp-block-group is-style-ext-preset--group--natural-1--item-card-1--align-start is-layout-flow wp-block-group-is-layout-flow is-style-ext-preset--group--natural-1--item-card-1--align-start--6\">\n<div class=\"wp-block-group is-style-default is-layout-flow wp-block-group-is-layout-flow\">\n<h3 class=\"wp-block-heading has-text-align-left\">Is this legal with regard to SACEM \/ SPR\u00c9?<\/h3>\n\n\n\n<p class=\"has-text-align-left\">Yes, Air DJ Pro does not stream music directly. We connect to licensed B2B streaming services that already manage public streaming rights.<\/p>\n<\/div>\n<\/div>\n\n\n\n<div class=\"wp-block-group is-style-ext-preset--group--natural-1--item-card-1--align-start is-layout-flow wp-block-group-is-layout-flow is-style-ext-preset--group--natural-1--item-card-1--align-start--7\">\n<div class=\"wp-block-group is-style-default is-layout-flow wp-block-group-is-layout-flow\">\n<h3 class=\"wp-block-heading has-text-align-left\">What happens if no one votes?<\/h3>\n\n\n\n<p class=\"has-text-align-left\">The music never stops. If no votes are recorded, the system follows the default order of your playlist.<\/p>\n<\/div>\n<\/div>\n\n\n\n<div class=\"wp-block-group is-style-ext-preset--group--natural-1--item-card-1--align-start is-layout-flow wp-block-group-is-layout-flow is-style-ext-preset--group--natural-1--item-card-1--align-start--8\">\n<div class=\"wp-block-group is-style-default is-layout-flow wp-block-group-is-layout-flow\">\n<h3 class=\"wp-block-heading has-text-align-left\">Can I see the live voting results?<\/h3>\n\n\n\n<p class=\"has-text-align-left\">Absolutely, the results are displayed in real time for all participants.<\/p>\n<\/div>\n<\/div>\n<\/div>\n<\/div>","protected":false},"excerpt":{"rendered":"<p>Exprimez votre style, contr\u00f4lez la musique Trouvez ici les r\u00e9ponses \u00e0 vos questions pour profiter pleinement d&rsquo;Air DJ Pro. Comment fonctionne le vote via Air DJ Pro ? Scannez le QR code, choisissez vos morceaux pr\u00e9f\u00e9r\u00e9s et influencez la playlist en temps r\u00e9el. Le syst\u00e8me de vote est-il simple \u00e0 utiliser ? Oui, il suffit [&hellip;]<\/p>\n","protected":false},"author":1,"featured_media":0,"parent":0,"menu_order":0,"comment_status":"closed","ping_status":"closed","template":"page-with-title","meta":{"footnotes":""},"class_list":["post-104","page","type-page","status-publish","hentry"],"_links":{"self":[{"href":"https:\/\/airdjpro.fr\/en\/wp-json\/wp\/v2\/pages\/104","targetHints":{"allow":["GET"]}}],"collection":[{"href":"https:\/\/airdjpro.fr\/en\/wp-json\/wp\/v2\/pages"}],"about":[{"href":"https:\/\/airdjpro.fr\/en\/wp-json\/wp\/v2\/types\/page"}],"author":[{"embeddable":true,"href":"https:\/\/airdjpro.fr\/en\/wp-json\/wp\/v2\/users\/1"}],"replies":[{"embeddable":true,"href":"https:\/\/airdjpro.fr\/en\/wp-json\/wp\/v2\/comments?post=104"}],"version-history":[{"count":68,"href":"https:\/\/airdjpro.fr\/en\/wp-json\/wp\/v2\/pages\/104\/revisions"}],"predecessor-version":[{"id":897,"href":"https:\/\/airdjpro.fr\/en\/wp-json\/wp\/v2\/pages\/104\/revisions\/897"}],"wp:attachment":[{"href":"https:\/\/airdjpro.fr\/en\/wp-json\/wp\/v2\/media?parent=104"}],"curies":[{"name":"wp","href":"https:\/\/api.w.org\/{rel}","templated":true}]}}