{"id":105,"date":"2026-01-26T21:36:29","date_gmt":"2026-01-26T21:36:29","guid":{"rendered":"https:\/\/airdjpro.fr\/accueil\/"},"modified":"2026-02-12T15:12:17","modified_gmt":"2026-02-12T15:12:17","slug":"accueil","status":"publish","type":"page","link":"https:\/\/airdjpro.fr\/en\/","title":{"rendered":"Accueil"},"content":{"rendered":"<p><meta name=\"accueil\" content=\"Bienvenue sur le site Air DJ Pro, une plateforme interactive permettant au public des \u00e9tablissements (bars, restaurants, clubs, \u00e9v\u00e9nements) d'influencer la programmation musicale via un syst\u00e8me de vote en temps r\u00e9el\"\/><\/p>\n\n\n<div class=\"wp-block-group alignfull is-style-ext-preset--group--natural-1--section has-background-background-color has-background has-global-padding is-layout-constrained wp-container-core-group-is-layout-cf46729a wp-block-group-is-layout-constrained\" style=\"margin-top:0;margin-bottom:0;padding-top:var(--wp--preset--spacing--30);padding-right:var(--wp--preset--spacing--30);padding-bottom:var(--wp--preset--spacing--30);padding-left:var(--wp--preset--spacing--30)\">\n<div class=\"wp-block-group alignwide is-vertical is-content-justification-left is-layout-flex wp-container-core-group-is-layout-47759e60 wp-block-group-is-layout-flex\">\n<div class=\"wp-block-group has-global-padding is-layout-constrained wp-container-core-group-is-layout-2287c683 wp-block-group-is-layout-constrained\">\n<h1 class=\"wp-block-heading alignwide has-text-align-left\">Air DJ Pro: Take control of your music<\/h1>\n\n\n\n<p class=\"has-text-align-left\">Air DJ Pro revolutionizes your parties by allowing your audience to choose the music via a simple QR code, creating a unique experience in your bars, restaurants and events.<\/p>\n<\/div>\n\n\n\n<figure class=\"wp-block-image size-large\"><img loading=\"lazy\" decoding=\"async\" width=\"1024\" height=\"412\" src=\"https:\/\/airdjpro.fr\/wp-content\/uploads\/2026\/01\/Air-Dj-Pro-Logo-reflet-1024x412.png\" alt=\"\" class=\"wp-image-223\" srcset=\"https:\/\/airdjpro.fr\/wp-content\/uploads\/2026\/01\/Air-Dj-Pro-Logo-reflet-1024x412.png 1024w, https:\/\/airdjpro.fr\/wp-content\/uploads\/2026\/01\/Air-Dj-Pro-Logo-reflet-300x121.png 300w, https:\/\/airdjpro.fr\/wp-content\/uploads\/2026\/01\/Air-Dj-Pro-Logo-reflet-768x309.png 768w, https:\/\/airdjpro.fr\/wp-content\/uploads\/2026\/01\/Air-Dj-Pro-Logo-reflet-1536x617.png 1536w, https:\/\/airdjpro.fr\/wp-content\/uploads\/2026\/01\/Air-Dj-Pro-Logo-reflet.png 1632w\" sizes=\"auto, (max-width: 1024px) 100vw, 1024px\" \/><\/figure>\n\n\n\n<div class=\"wp-block-buttons is-content-justification-center is-layout-flex wp-container-core-buttons-is-layout-a89b3969 wp-block-buttons-is-layout-flex\">\n<div class=\"wp-block-button is-style-ext-preset--button--natural-1--button-1 is-style-ext-preset--button--natural-1--button-1--2\"><a class=\"wp-block-button__link has-text-align-center wp-element-button\" href=\"https:\/\/airdjpro.fr\/en\/contact\/\">Contact us<\/a><\/div>\n<\/div>\n<\/div>\n<\/div>\n\n\n\n<div class=\"wp-block-group alignfull is-style-ext-preset--group--natural-1--section has-tertiary-background-color has-background has-global-padding is-layout-constrained wp-container-core-group-is-layout-2d6e5bc5 wp-block-group-is-layout-constrained\" id=\"a-propos\" style=\"margin-top:0;margin-bottom:0;padding-top:var(--wp--preset--spacing--30);padding-right:var(--wp--preset--spacing--30);padding-bottom:var(--wp--preset--spacing--30);padding-left:var(--wp--preset--spacing--30)\">\n<div class=\"wp-block-group alignwide is-vertical is-content-justification-left is-layout-flex wp-container-core-group-is-layout-a046b7f5 wp-block-group-is-layout-flex\" style=\"padding-right:0;padding-left:0\">\n<div class=\"wp-block-group has-global-padding is-layout-constrained wp-container-core-group-is-layout-2287c683 wp-block-group-is-layout-constrained\">\n<h2 class=\"wp-block-heading has-text-align-left\">Influence music programming in real time<\/h2>\n\n\n\n<p class=\"has-text-align-left\">Choose your favorite songs via an interactive vote to make each evening unique and participatory.<\/p>\n\n\n\n<p><\/p>\n<\/div>\n<\/div>\n\n\n\n<div class=\"wp-block-columns alignwide is-layout-flex wp-container-core-columns-is-layout-28f84493 wp-block-columns-is-layout-flex\">\n<div class=\"wp-block-column is-vertically-aligned-stretch is-layout-flow wp-block-column-is-layout-flow\">\n<figure class=\"wp-block-image size-large\"><img loading=\"lazy\" decoding=\"async\" width=\"1024\" height=\"684\" src=\"https:\/\/airdjpro.fr\/wp-content\/uploads\/2026\/01\/nightlife-people-having-fun-bars-clubs-1024x684.jpg\" alt=\"\" class=\"wp-image-789\" srcset=\"https:\/\/airdjpro.fr\/wp-content\/uploads\/2026\/01\/nightlife-people-having-fun-bars-clubs-1024x684.jpg 1024w, https:\/\/airdjpro.fr\/wp-content\/uploads\/2026\/01\/nightlife-people-having-fun-bars-clubs-300x200.jpg 300w, https:\/\/airdjpro.fr\/wp-content\/uploads\/2026\/01\/nightlife-people-having-fun-bars-clubs-768x513.jpg 768w, https:\/\/airdjpro.fr\/wp-content\/uploads\/2026\/01\/nightlife-people-having-fun-bars-clubs-18x12.jpg 18w, https:\/\/airdjpro.fr\/wp-content\/uploads\/2026\/01\/nightlife-people-having-fun-bars-clubs.jpg 1400w\" sizes=\"auto, (max-width: 1024px) 100vw, 1024px\" \/><\/figure>\n<\/div>\n<\/div>\n<\/div>\n\n\n\n<div class=\"wp-block-group alignfull is-style-ext-preset--group--natural-1--section has-background-background-color has-background has-global-padding is-layout-constrained wp-container-core-group-is-layout-0f5bad4f wp-block-group-is-layout-constrained\" style=\"margin-top:0;margin-bottom:0;padding-top:var(--wp--preset--spacing--30);padding-bottom:var(--wp--preset--spacing--30)\">\n<div class=\"wp-block-group alignwide is-vertical is-content-justification-left is-layout-flex wp-container-core-group-is-layout-214d3d4d wp-block-group-is-layout-flex\">\n<div class=\"wp-block-group has-global-padding is-layout-constrained wp-container-core-group-is-layout-5e05634a wp-block-group-is-layout-constrained\">\n<h2 class=\"wp-block-heading has-text-align-left\">How does it work?<\/h2>\n\n\n\n<p class=\"has-text-align-left\">Discover how Air DJ Pro allows your audience to choose music live, simply and in real time.<\/p>\n\n\n\n<p><\/p>\n<\/div>\n<\/div>\n\n\n\n<div class=\"wp-block-columns alignwide is-layout-flex wp-container-core-columns-is-layout-08c01c1c wp-block-columns-is-layout-flex\">\n<div class=\"wp-block-column is-vertically-aligned-stretch is-layout-flow wp-container-core-column-is-layout-f5bb311e wp-block-column-is-layout-flow\">\n<div class=\"wp-block-group is-style-ext-preset--group--natural-1--item-card-1--align-start has-global-padding is-layout-constrained wp-block-group-is-layout-constrained is-style-ext-preset--group--natural-1--item-card-1--align-start--5\">\n<div class=\"wp-block-group is-style-default has-global-padding is-layout-constrained wp-block-group-is-layout-constrained\">\n<figure class=\"wp-block-image size-full ext-aspect-landscape\"><img loading=\"lazy\" decoding=\"async\" width=\"1024\" height=\"1024\" src=\"https:\/\/airdjpro.fr\/wp-content\/uploads\/2026\/02\/QR-code.png\" alt=\"\" class=\"wp-image-992\" style=\"object-fit:cover\" srcset=\"https:\/\/airdjpro.fr\/wp-content\/uploads\/2026\/02\/QR-code.png 1024w, https:\/\/airdjpro.fr\/wp-content\/uploads\/2026\/02\/QR-code-300x300.png 300w, https:\/\/airdjpro.fr\/wp-content\/uploads\/2026\/02\/QR-code-150x150.png 150w, https:\/\/airdjpro.fr\/wp-content\/uploads\/2026\/02\/QR-code-768x768.png 768w, https:\/\/airdjpro.fr\/wp-content\/uploads\/2026\/02\/QR-code-12x12.png 12w\" sizes=\"auto, (max-width: 1024px) 100vw, 1024px\" \/><\/figure>\n\n\n\n<h3 class=\"wp-block-heading\">Scan the QR code<\/h3>\n\n\n\n<p>Use your smartphone to scan the QR code and access the list of available tracks.<\/p>\n<\/div>\n<\/div>\n<\/div>\n\n\n\n<div class=\"wp-block-column is-vertically-aligned-stretch is-layout-flow wp-container-core-column-is-layout-f5bb311e wp-block-column-is-layout-flow\">\n<div class=\"wp-block-group is-style-ext-preset--group--natural-1--item-card-1--align-start has-global-padding is-layout-constrained wp-block-group-is-layout-constrained is-style-ext-preset--group--natural-1--item-card-1--align-start--6\">\n<div class=\"wp-block-group is-style-default has-global-padding is-layout-constrained wp-block-group-is-layout-constrained\">\n<figure class=\"wp-block-image size-large ext-aspect-landscape\"><img loading=\"lazy\" decoding=\"async\" width=\"1024\" height=\"1024\" src=\"https:\/\/airdjpro.fr\/wp-content\/uploads\/2026\/01\/reseaux03-1024x1024.png\" alt=\"\" class=\"wp-image-179\" style=\"object-fit:cover\" srcset=\"https:\/\/airdjpro.fr\/wp-content\/uploads\/2026\/01\/reseaux03-1024x1024.png 1024w, https:\/\/airdjpro.fr\/wp-content\/uploads\/2026\/01\/reseaux03-300x300.png 300w, https:\/\/airdjpro.fr\/wp-content\/uploads\/2026\/01\/reseaux03-150x150.png 150w, https:\/\/airdjpro.fr\/wp-content\/uploads\/2026\/01\/reseaux03-768x768.png 768w, https:\/\/airdjpro.fr\/wp-content\/uploads\/2026\/01\/reseaux03.png 1406w\" sizes=\"auto, (max-width: 1024px) 100vw, 1024px\" \/><\/figure>\n\n\n\n<h3 class=\"wp-block-heading\">Vote live<\/h3>\n\n\n\n<p>Select your favorite tracks and vote in real time to influence the music programming.<\/p>\n<\/div>\n<\/div>\n<\/div>\n\n\n\n<div class=\"wp-block-column is-vertically-aligned-stretch is-layout-flow wp-container-core-column-is-layout-f5bb311e wp-block-column-is-layout-flow\">\n<div class=\"wp-block-group is-style-ext-preset--group--natural-1--item-card-1--align-start has-global-padding is-layout-constrained wp-block-group-is-layout-constrained is-style-ext-preset--group--natural-1--item-card-1--align-start--7\">\n<div class=\"wp-block-group is-style-default has-global-padding is-layout-constrained wp-block-group-is-layout-constrained\">\n<figure class=\"wp-block-image size-large ext-aspect-landscape\"><img loading=\"lazy\" decoding=\"async\" width=\"1024\" height=\"1024\" src=\"https:\/\/airdjpro.fr\/wp-content\/uploads\/2026\/01\/Fun-1-1024x1024.png\" alt=\"\" class=\"wp-image-546\" style=\"object-fit:cover\" srcset=\"https:\/\/airdjpro.fr\/wp-content\/uploads\/2026\/01\/Fun-1-1024x1024.png 1024w, https:\/\/airdjpro.fr\/wp-content\/uploads\/2026\/01\/Fun-1-300x300.png 300w, https:\/\/airdjpro.fr\/wp-content\/uploads\/2026\/01\/Fun-1-150x150.png 150w, https:\/\/airdjpro.fr\/wp-content\/uploads\/2026\/01\/Fun-1-768x768.png 768w, https:\/\/airdjpro.fr\/wp-content\/uploads\/2026\/01\/Fun-1.png 1440w\" sizes=\"auto, (max-width: 1024px) 100vw, 1024px\" \/><\/figure>\n\n\n\n<h3 class=\"wp-block-heading\">Enjoy the evening<\/h3>\n\n\n\n<p>The music evolves according to your choices, creating a unique and participatory atmosphere.<\/p>\n<\/div>\n<\/div>\n<\/div>\n<\/div>\n<\/div>","protected":false},"excerpt":{"rendered":"<p>Air DJ Pro : prenez le contr\u00f4le de la musique Air DJ Pro r\u00e9volutionne vos soir\u00e9es en permettant \u00e0 votre public de choisir la musique via un simple QR code, cr\u00e9ant ainsi une exp\u00e9rience in\u00e9dite dans vos bars, restaurants et \u00e9v\u00e9nements. Influencez la programmation musicale en temps r\u00e9el Choisissez vos titres pr\u00e9f\u00e9r\u00e9s via un vote [&hellip;]<\/p>\n","protected":false},"author":1,"featured_media":0,"parent":0,"menu_order":0,"comment_status":"closed","ping_status":"closed","template":"no-title","meta":{"footnotes":""},"class_list":["post-105","page","type-page","status-publish","hentry"],"_links":{"self":[{"href":"https:\/\/airdjpro.fr\/en\/wp-json\/wp\/v2\/pages\/105","targetHints":{"allow":["GET"]}}],"collection":[{"href":"https:\/\/airdjpro.fr\/en\/wp-json\/wp\/v2\/pages"}],"about":[{"href":"https:\/\/airdjpro.fr\/en\/wp-json\/wp\/v2\/types\/page"}],"author":[{"embeddable":true,"href":"https:\/\/airdjpro.fr\/en\/wp-json\/wp\/v2\/users\/1"}],"replies":[{"embeddable":true,"href":"https:\/\/airdjpro.fr\/en\/wp-json\/wp\/v2\/comments?post=105"}],"version-history":[{"count":195,"href":"https:\/\/airdjpro.fr\/en\/wp-json\/wp\/v2\/pages\/105\/revisions"}],"predecessor-version":[{"id":999,"href":"https:\/\/airdjpro.fr\/en\/wp-json\/wp\/v2\/pages\/105\/revisions\/999"}],"wp:attachment":[{"href":"https:\/\/airdjpro.fr\/en\/wp-json\/wp\/v2\/media?parent=105"}],"curies":[{"name":"wp","href":"https:\/\/api.w.org\/{rel}","templated":true}]}}