{"id":106,"date":"2026-01-26T21:36:31","date_gmt":"2026-01-26T21:36:31","guid":{"rendered":"https:\/\/airdjpro.fr\/mentions-legales\/"},"modified":"2026-03-06T06:31:13","modified_gmt":"2026-03-06T06:31:13","slug":"mentions-legales","status":"publish","type":"page","link":"https:\/\/airdjpro.fr\/en\/mentions-legales\/","title":{"rendered":"Legal Notices"},"content":{"rendered":"<div class=\"wp-block-group alignfull is-style-ext-preset--group--natural-1--section has-background-background-color has-background has-global-padding is-layout-constrained wp-container-core-group-is-layout-b3371206 wp-block-group-is-layout-constrained\" style=\"margin-top:0;margin-bottom:0;padding-top:var(--wp--preset--spacing--30);padding-bottom:var(--wp--preset--spacing--30)\">\n<p><strong>Website publisher:<\/strong><br>SAS Air DJ Pro<br>2 Rue Gillaque<br>82000 MONTAUBAN<br>France<br><br><strong>Contact details:<\/strong><br>Telephone: +33 6 63 13 12 41<br>E-mail: stephen.linde@airdjpro.fr<br>Website: www.airdjpro.fr<br><br><strong>Legal representative:<\/strong><br>Stephen Linde, CEO<br><br><strong>Company information:<\/strong><br>RCS: 101 467 116<br>Intra-Community VAT: In progress<br><br><strong>Website hosting:<\/strong><br>Ionos SARL<br>7 Place de la Gare<br>57200 SARREGUEMINES<br>Telephone: +33 9 70 80 89 11<\/p>\n<\/div>","protected":false},"excerpt":{"rendered":"<p>\u00c9diteur du site:SAS Air DJ Pro2 Rue Gillaque82000 MONTAUBANFrance Coordonn\u00e9es:T\u00e9l\u00e9phone: 06 63 13 12 41E-mail: stephen.linde@airdjpro.frSite web: www.airdjpro.fr Repr\u00e9sentant l\u00e9gal:Stephen Linde, CEO Informations sur l\u2019entreprise:RCS: 101 467 116TVA intracommunautaire: En cours H\u00e9bergement du site:Ionos SARL7 Place de la Gare57200 SARREGUEMINEST\u00e9l\u00e9phone: 09 70 80 89 11<\/p>","protected":false},"author":1,"featured_media":0,"parent":0,"menu_order":0,"comment_status":"closed","ping_status":"closed","template":"page-with-title","meta":{"footnotes":""},"class_list":["post-106","page","type-page","status-publish","hentry"],"_links":{"self":[{"href":"https:\/\/airdjpro.fr\/en\/wp-json\/wp\/v2\/pages\/106","targetHints":{"allow":["GET"]}}],"collection":[{"href":"https:\/\/airdjpro.fr\/en\/wp-json\/wp\/v2\/pages"}],"about":[{"href":"https:\/\/airdjpro.fr\/en\/wp-json\/wp\/v2\/types\/page"}],"author":[{"embeddable":true,"href":"https:\/\/airdjpro.fr\/en\/wp-json\/wp\/v2\/users\/1"}],"replies":[{"embeddable":true,"href":"https:\/\/airdjpro.fr\/en\/wp-json\/wp\/v2\/comments?post=106"}],"version-history":[{"count":45,"href":"https:\/\/airdjpro.fr\/en\/wp-json\/wp\/v2\/pages\/106\/revisions"}],"predecessor-version":[{"id":1002,"href":"https:\/\/airdjpro.fr\/en\/wp-json\/wp\/v2\/pages\/106\/revisions\/1002"}],"wp:attachment":[{"href":"https:\/\/airdjpro.fr\/en\/wp-json\/wp\/v2\/media?parent=106"}],"curies":[{"name":"wp","href":"https:\/\/api.w.org\/{rel}","templated":true}]}}